{"id":1714,"date":"2025-06-26T10:14:02","date_gmt":"2025-06-26T08:14:02","guid":{"rendered":"https:\/\/neveltec.com\/ueber-uns\/"},"modified":"2025-09-08T22:12:44","modified_gmt":"2025-09-08T20:12:44","slug":"ueber-uns","status":"publish","type":"page","link":"https:\/\/neveltec.com\/de\/ueber-uns\/","title":{"rendered":"Das Projekt"},"content":{"rendered":"\t\t<div data-elementor-type=\"wp-page\" data-elementor-id=\"1714\" class=\"elementor elementor-1714 elementor-1097\" data-elementor-post-type=\"page\">\n\t\t\t\t<div class=\"elementor-element elementor-element-6ae9c69 e-flex e-con-boxed e-con e-parent\" data-id=\"6ae9c69\" data-element_type=\"container\" data-e-type=\"container\" data-settings=\"{&quot;background_background&quot;:&quot;gradient&quot;,&quot;jet_parallax_layout_list&quot;:[]}\">\n\t\t\t\t\t<div class=\"e-con-inner\">\n\t\t<div class=\"elementor-element elementor-element-b06a82d e-con-full e-flex e-con e-child\" data-id=\"b06a82d\" data-element_type=\"container\" data-e-type=\"container\" data-settings=\"{&quot;jet_parallax_layout_list&quot;:[]}\">\n\t\t<div class=\"elementor-element elementor-element-777c18e e-con-full e-flex e-con e-child\" data-id=\"777c18e\" data-element_type=\"container\" data-e-type=\"container\" data-settings=\"{&quot;jet_parallax_layout_list&quot;:[]}\">\n\t\t\t\t<div class=\"elementor-element elementor-element-6bfc1c5 elementor-widget elementor-widget-heading\" data-id=\"6bfc1c5\" data-element_type=\"widget\" data-e-type=\"widget\" data-widget_type=\"heading.default\">\n\t\t\t\t<div class=\"elementor-widget-container\">\n\t\t\t\t\t<h2 class=\"elementor-heading-title elementor-size-default\">Das Projekt<\/h2>\t\t\t\t<\/div>\n\t\t\t\t<\/div>\n\t\t\t\t<div class=\"elementor-element elementor-element-5ce1f99 elementor-widget elementor-widget-heading\" data-id=\"5ce1f99\" data-element_type=\"widget\" data-e-type=\"widget\" data-widget_type=\"heading.default\">\n\t\t\t\t<div class=\"elementor-widget-container\">\n\t\t\t\t\t<h3 class=\"elementor-heading-title elementor-size-default\">Das Projekt<\/h3>\t\t\t\t<\/div>\n\t\t\t\t<\/div>\n\t\t\t\t<\/div>\n\t\t\t\t<div class=\"elementor-element elementor-element-be2b36f elementor-widget elementor-widget-text-editor\" data-id=\"be2b36f\" data-element_type=\"widget\" data-e-type=\"widget\" data-widget_type=\"text-editor.default\">\n\t\t\t\t<div class=\"elementor-widget-container\">\n\t\t\t\t\t\t\t\t\t<p>Wenn eine Harfenistin auf einen Ingenieur trifft\u2026 entsteht NEVELTEC. Gemeinsam ein Projekt voranbringen \u2013 mit Leidenschaft und Innovation.<\/p><p>Aus der Frustration, nicht mit verst\u00e4rkten Instrumenten auf der B\u00fchne spielen zu k\u00f6nnen, wurde eine Vision geboren: Eine neue Harfe, entwickelt mit Expertise aus den Bereichen Verbundwerkstoffe, Elektronik, Design und Mechanik. Nach mehreren Jahren intensiver Entwicklung freuen wir uns, Ihnen unser fertiges Produkt pr\u00e4sentieren zu k\u00f6nnen. <\/p><p>Die ganze Geschichte lesen Sie im <a href=\"\/wp-content\/uploads\/2025\/07\/Neveltec-artikel-2021_DE.pdf\">Artikel von Swiss Harp<\/a><\/p>\t\t\t\t\t\t\t\t<\/div>\n\t\t\t\t<\/div>\n\t\t\t\t<\/div>\n\t\t<div class=\"elementor-element elementor-element-ccb337e e-con-full e-flex e-con e-child\" data-id=\"ccb337e\" data-element_type=\"container\" data-e-type=\"container\" data-settings=\"{&quot;background_background&quot;:&quot;classic&quot;,&quot;jet_parallax_layout_list&quot;:[]}\">\n\t\t\t\t<div class=\"elementor-element elementor-element-ae8b71e elementor-widget elementor-widget-image\" data-id=\"ae8b71e\" data-element_type=\"widget\" data-e-type=\"widget\" data-widget_type=\"image.default\">\n\t\t\t\t<div class=\"elementor-widget-container\">\n\t\t\t\t\t\t\t\t\t\t\t\t\t\t\t<img fetchpriority=\"high\" decoding=\"async\" width=\"800\" height=\"543\" src=\"https:\/\/neveltec.com\/wp-content\/uploads\/2025\/05\/harpiste-ingenieur.webp\" class=\"attachment-large size-large wp-image-85\" alt=\"\" srcset=\"https:\/\/neveltec.com\/wp-content\/uploads\/2025\/05\/harpiste-ingenieur.webp 2560w, https:\/\/neveltec.com\/wp-content\/uploads\/2025\/05\/harpiste-ingenieur-1024x694.webp 1024w, https:\/\/neveltec.com\/wp-content\/uploads\/2025\/05\/harpiste-ingenieur-1920x1302.webp 1920w\" sizes=\"(max-width: 800px) 100vw, 800px\" \/>\t\t\t\t\t\t\t\t\t\t\t\t\t\t\t<\/div>\n\t\t\t\t<\/div>\n\t\t\t\t<\/div>\n\t\t<div class=\"elementor-element elementor-element-041399b e-con-full e-flex e-con e-child\" data-id=\"041399b\" data-element_type=\"container\" data-e-type=\"container\" data-settings=\"{&quot;position&quot;:&quot;absolute&quot;,&quot;jet_parallax_layout_list&quot;:[]}\">\n\t\t\t\t<div class=\"elementor-element elementor-element-356ec22 elementor-absolute elementor-hidden-tablet elementor-hidden-mobile elementor-widget elementor-widget-image\" data-id=\"356ec22\" data-element_type=\"widget\" data-e-type=\"widget\" data-settings=\"{&quot;_position&quot;:&quot;absolute&quot;}\" data-widget_type=\"image.default\">\n\t\t\t\t<div class=\"elementor-widget-container\">\n\t\t\t\t\t\t\t\t\t\t\t\t\t\t\t<img decoding=\"async\" width=\"1\" height=\"1\" src=\"https:\/\/neveltec.com\/wp-content\/uploads\/2025\/06\/3-strings-green.svg\" class=\"attachment-large size-large wp-image-563\" alt=\"\" \/>\t\t\t\t\t\t\t\t\t\t\t\t\t\t\t<\/div>\n\t\t\t\t<\/div>\n\t\t\t\t<div class=\"elementor-element elementor-element-11ff758 elementor-absolute elementor-hidden-tablet elementor-hidden-mobile elementor-widget elementor-widget-image\" data-id=\"11ff758\" data-element_type=\"widget\" data-e-type=\"widget\" data-settings=\"{&quot;_position&quot;:&quot;absolute&quot;}\" data-widget_type=\"image.default\">\n\t\t\t\t<div class=\"elementor-widget-container\">\n\t\t\t\t\t\t\t\t\t\t\t\t\t\t\t<img decoding=\"async\" width=\"1\" height=\"1\" src=\"https:\/\/neveltec.com\/wp-content\/uploads\/2025\/06\/1-string-ecru.svg\" class=\"attachment-large size-large wp-image-548\" alt=\"\" \/>\t\t\t\t\t\t\t\t\t\t\t\t\t\t\t<\/div>\n\t\t\t\t<\/div>\n\t\t\t\t<div class=\"elementor-element elementor-element-ecdfab4 elementor-absolute elementor-hidden-mobile elementor-widget elementor-widget-image\" data-id=\"ecdfab4\" data-element_type=\"widget\" data-e-type=\"widget\" data-settings=\"{&quot;_position&quot;:&quot;absolute&quot;}\" data-widget_type=\"image.default\">\n\t\t\t\t<div class=\"elementor-widget-container\">\n\t\t\t\t\t\t\t\t\t\t\t\t\t\t\t<img loading=\"lazy\" decoding=\"async\" width=\"1\" height=\"1\" src=\"https:\/\/neveltec.com\/wp-content\/uploads\/2025\/06\/2-strings-green.svg\" class=\"attachment-large size-large wp-image-558\" alt=\"\" \/>\t\t\t\t\t\t\t\t\t\t\t\t\t\t\t<\/div>\n\t\t\t\t<\/div>\n\t\t\t\t<div class=\"elementor-element elementor-element-9e87abc elementor-absolute elementor-hidden-mobile elementor-widget elementor-widget-image\" data-id=\"9e87abc\" data-element_type=\"widget\" data-e-type=\"widget\" data-settings=\"{&quot;_position&quot;:&quot;absolute&quot;}\" data-widget_type=\"image.default\">\n\t\t\t\t<div class=\"elementor-widget-container\">\n\t\t\t\t\t\t\t\t\t\t\t\t\t\t\t<img decoding=\"async\" width=\"1\" height=\"1\" src=\"https:\/\/neveltec.com\/wp-content\/uploads\/2025\/06\/1-string-ecru.svg\" class=\"attachment-large size-large wp-image-548\" alt=\"\" \/>\t\t\t\t\t\t\t\t\t\t\t\t\t\t\t<\/div>\n\t\t\t\t<\/div>\n\t\t\t\t<div class=\"elementor-element elementor-element-f82924d elementor-absolute elementor-widget elementor-widget-image\" data-id=\"f82924d\" data-element_type=\"widget\" data-e-type=\"widget\" data-settings=\"{&quot;_position&quot;:&quot;absolute&quot;}\" data-widget_type=\"image.default\">\n\t\t\t\t<div class=\"elementor-widget-container\">\n\t\t\t\t\t\t\t\t\t\t\t\t\t\t\t<img loading=\"lazy\" decoding=\"async\" width=\"1\" height=\"1\" src=\"https:\/\/neveltec.com\/wp-content\/uploads\/2025\/06\/1-string-green.svg\" class=\"attachment-large size-large wp-image-553\" alt=\"\" \/>\t\t\t\t\t\t\t\t\t\t\t\t\t\t\t<\/div>\n\t\t\t\t<\/div>\n\t\t\t\t<div class=\"elementor-element elementor-element-7d1dae9 elementor-absolute elementor-widget elementor-widget-image\" data-id=\"7d1dae9\" data-element_type=\"widget\" data-e-type=\"widget\" data-settings=\"{&quot;_position&quot;:&quot;absolute&quot;}\" data-widget_type=\"image.default\">\n\t\t\t\t<div class=\"elementor-widget-container\">\n\t\t\t\t\t\t\t\t\t\t\t\t\t\t\t<img loading=\"lazy\" decoding=\"async\" width=\"1\" height=\"1\" src=\"https:\/\/neveltec.com\/wp-content\/uploads\/2025\/06\/2-strings-green.svg\" class=\"attachment-large size-large wp-image-558\" alt=\"\" \/>\t\t\t\t\t\t\t\t\t\t\t\t\t\t\t<\/div>\n\t\t\t\t<\/div>\n\t\t\t\t<div class=\"elementor-element elementor-element-22269c3 elementor-absolute elementor-widget elementor-widget-image\" data-id=\"22269c3\" data-element_type=\"widget\" data-e-type=\"widget\" data-settings=\"{&quot;_position&quot;:&quot;absolute&quot;}\" data-widget_type=\"image.default\">\n\t\t\t\t<div class=\"elementor-widget-container\">\n\t\t\t\t\t\t\t\t\t\t\t\t\t\t\t<img decoding=\"async\" width=\"1\" height=\"1\" src=\"https:\/\/neveltec.com\/wp-content\/uploads\/2025\/06\/1-string-ecru.svg\" class=\"attachment-large size-large wp-image-548\" alt=\"\" \/>\t\t\t\t\t\t\t\t\t\t\t\t\t\t\t<\/div>\n\t\t\t\t<\/div>\n\t\t\t\t<div class=\"elementor-element elementor-element-5a3b242 elementor-absolute elementor-widget elementor-widget-image\" data-id=\"5a3b242\" data-element_type=\"widget\" data-e-type=\"widget\" data-settings=\"{&quot;_position&quot;:&quot;absolute&quot;}\" data-widget_type=\"image.default\">\n\t\t\t\t<div class=\"elementor-widget-container\">\n\t\t\t\t\t\t\t\t\t\t\t\t\t\t\t<img loading=\"lazy\" decoding=\"async\" width=\"1\" height=\"1\" src=\"https:\/\/neveltec.com\/wp-content\/uploads\/2025\/06\/2-strings-green.svg\" class=\"attachment-large size-large wp-image-558\" alt=\"\" \/>\t\t\t\t\t\t\t\t\t\t\t\t\t\t\t<\/div>\n\t\t\t\t<\/div>\n\t\t\t\t<div class=\"elementor-element elementor-element-312b781 elementor-absolute elementor-widget elementor-widget-image\" data-id=\"312b781\" data-element_type=\"widget\" data-e-type=\"widget\" data-settings=\"{&quot;_position&quot;:&quot;absolute&quot;}\" data-widget_type=\"image.default\">\n\t\t\t\t<div class=\"elementor-widget-container\">\n\t\t\t\t\t\t\t\t\t\t\t\t\t\t\t<img decoding=\"async\" width=\"1\" height=\"1\" src=\"https:\/\/neveltec.com\/wp-content\/uploads\/2025\/06\/1-string-ecru.svg\" class=\"attachment-large size-large wp-image-548\" alt=\"\" \/>\t\t\t\t\t\t\t\t\t\t\t\t\t\t\t<\/div>\n\t\t\t\t<\/div>\n\t\t\t\t<div class=\"elementor-element elementor-element-e14d183 elementor-absolute elementor-widget elementor-widget-image\" data-id=\"e14d183\" data-element_type=\"widget\" data-e-type=\"widget\" data-settings=\"{&quot;_position&quot;:&quot;absolute&quot;}\" data-widget_type=\"image.default\">\n\t\t\t\t<div class=\"elementor-widget-container\">\n\t\t\t\t\t\t\t\t\t\t\t\t\t\t\t<img loading=\"lazy\" decoding=\"async\" width=\"1\" height=\"1\" src=\"https:\/\/neveltec.com\/wp-content\/uploads\/2025\/06\/2-strings-green.svg\" class=\"attachment-large size-large wp-image-558\" alt=\"\" \/>\t\t\t\t\t\t\t\t\t\t\t\t\t\t\t<\/div>\n\t\t\t\t<\/div>\n\t\t\t\t<\/div>\n\t\t\t\t\t<\/div>\n\t\t\t\t<\/div>\n\t\t<div class=\"elementor-element elementor-element-e4afe74 e-flex e-con-boxed e-con e-parent\" data-id=\"e4afe74\" data-element_type=\"container\" data-e-type=\"container\" data-settings=\"{&quot;background_background&quot;:&quot;classic&quot;,&quot;jet_parallax_layout_list&quot;:[]}\">\n\t\t\t\t\t<div class=\"e-con-inner\">\n\t\t<div class=\"elementor-element elementor-element-4528fb4 e-con-full e-flex e-con e-child\" data-id=\"4528fb4\" data-element_type=\"container\" data-e-type=\"container\" data-settings=\"{&quot;jet_parallax_layout_list&quot;:[]}\">\n\t\t\t\t<div class=\"elementor-element elementor-element-26a6182 elementor-absolute elementor-widget elementor-widget-text-editor\" data-id=\"26a6182\" data-element_type=\"widget\" data-e-type=\"widget\" data-settings=\"{&quot;_position&quot;:&quot;absolute&quot;}\" data-widget_type=\"text-editor.default\">\n\t\t\t\t<div class=\"elementor-widget-container\">\n\t\t\t\t\t\t\t\t\t<p><span data-huuid=\"2363828330116950420\">\u00ab<\/span><\/p>\t\t\t\t\t\t\t\t<\/div>\n\t\t\t\t<\/div>\n\t\t\t\t<div class=\"elementor-element elementor-element-78c3a7b elementor-widget elementor-widget-text-editor\" data-id=\"78c3a7b\" data-element_type=\"widget\" data-e-type=\"widget\" data-widget_type=\"text-editor.default\">\n\t\t\t\t<div class=\"elementor-widget-container\">\n\t\t\t\t\t\t\t\t\t<p>Die elektrische Harfe er\u00f6ffnet neue klangliche Horizonte und l\u00e4sst das Instrument in einem zeitgem\u00e4\u00dfen Licht erscheinen. Sie l\u00e4dt dazu ein, neue Klangwelten zu erforschen und die eigene Komfortzone zu verlassen.<\/p>\n<p>Endlich bandtauglich: Dank ihrer Verst\u00e4rkung tritt die Harfe selbstbewusst neben E-Gitarre und Schlagzeug auf \u2013 und bleibt dabei klar im Klangbild.<br>Mit den Multieffektpedalen \u00f6ffnet sie T\u00fcren zu allen Musikstilen: Rock, Gospel, Klassik, Jazz, Irish Folk, Elektro\u2026 Es gibt keine Grenzen. Wer neugierig ist und Fantasie hat, entdeckt Klangwelten ohne Limit!<\/p>\n<p>Zus\u00e4tzlich l\u00e4sst sich der Klang \u00fcber drei Regler an der Harfe direkt beeinflussen:<br>&#8211; Ein Lautst\u00e4rkeregler sorgt f\u00fcr sanfte Ein- und Ausblendungen,<br>&#8211; Ein H\u00f6henregler f\u00fcr brillante Kl\u00e4nge,<br>&#8211; Und ein Bassregler verleiht dem Ton Tiefe oder metallische Kraft.<br>Die elektrische Harfe von NEVELTEC hat einen nat\u00fcrlichen Harfenklang und eine Haptik, die der einer Konzertharfe sehr nahekommt. Ihr Sound unterscheidet sich dennoch von einer h\u00f6lzernen Resonanzdecke \u2013 genauso wie eine E-Gitarre nicht mit einer klassischen Gitarre zu vergleichen ist: Es ist schlicht ein anderes, eigenst\u00e4ndiges Instrument.<\/p>\n<p><strong>Fred, Mitgr\u00fcnder<\/strong><\/p>\t\t\t\t\t\t\t\t<\/div>\n\t\t\t\t<\/div>\n\t\t\t\t<div class=\"elementor-element elementor-element-3178b5b elementor-absolute elementor-widget elementor-widget-text-editor\" data-id=\"3178b5b\" data-element_type=\"widget\" data-e-type=\"widget\" data-settings=\"{&quot;_position&quot;:&quot;absolute&quot;}\" data-widget_type=\"text-editor.default\">\n\t\t\t\t<div class=\"elementor-widget-container\">\n\t\t\t\t\t\t\t\t\t<p><span data-huuid=\"2363828330116950420\">\u00bb<\/span><\/p>\t\t\t\t\t\t\t\t<\/div>\n\t\t\t\t<\/div>\n\t\t\t\t<\/div>\n\t\t\t\t\t<\/div>\n\t\t\t\t<\/div>\n\t\t\t\t<\/div>\n\t\t","protected":false},"excerpt":{"rendered":"<p>Das Projekt Das Projekt Wenn eine Harfenistin auf einen Ingenieur trifft\u2026 entsteht NEVELTEC. Gemeinsam ein Projekt voranbringen \u2013 mit Leidenschaft und Innovation. Aus der Frustration, nicht mit verst\u00e4rkten Instrumenten auf der B\u00fchne spielen zu k\u00f6nnen, wurde eine Vision geboren: Eine neue Harfe, entwickelt mit Expertise aus den Bereichen Verbundwerkstoffe, Elektronik, Design und Mechanik. Nach mehreren [&hellip;]<\/p>\n","protected":false},"author":2,"featured_media":0,"parent":0,"menu_order":0,"comment_status":"closed","ping_status":"closed","template":"","meta":{"footnotes":""},"class_list":["post-1714","page","type-page","status-publish","hentry"],"_links":{"self":[{"href":"https:\/\/neveltec.com\/de\/wp-json\/wp\/v2\/pages\/1714","targetHints":{"allow":["GET"]}}],"collection":[{"href":"https:\/\/neveltec.com\/de\/wp-json\/wp\/v2\/pages"}],"about":[{"href":"https:\/\/neveltec.com\/de\/wp-json\/wp\/v2\/types\/page"}],"author":[{"embeddable":true,"href":"https:\/\/neveltec.com\/de\/wp-json\/wp\/v2\/users\/2"}],"replies":[{"embeddable":true,"href":"https:\/\/neveltec.com\/de\/wp-json\/wp\/v2\/comments?post=1714"}],"version-history":[{"count":12,"href":"https:\/\/neveltec.com\/de\/wp-json\/wp\/v2\/pages\/1714\/revisions"}],"predecessor-version":[{"id":3858,"href":"https:\/\/neveltec.com\/de\/wp-json\/wp\/v2\/pages\/1714\/revisions\/3858"}],"wp:attachment":[{"href":"https:\/\/neveltec.com\/de\/wp-json\/wp\/v2\/media?parent=1714"}],"curies":[{"name":"wp","href":"https:\/\/api.w.org\/{rel}","templated":true}]}}